{"id":12839,"date":"2020-08-18T11:16:00","date_gmt":"2020-08-18T15:16:00","guid":{"rendered":"https:\/\/www.morrin.org\/?page_id=12839"},"modified":"2020-08-18T16:23:23","modified_gmt":"2020-08-18T20:23:23","slug":"donations-for-2010","status":"publish","type":"page","link":"https:\/\/www.morrin.org\/en\/support-morrin-centre\/donors\/donations-for-2010\/","title":{"rendered":"Donations for 2010"},"content":{"rendered":"<h3 dir=\"ltr\">Literary Feast Sponsors<\/h3>\n<ul>\n<li><em>Quebec Chronicle-Telegraph<\/em><\/li>\n<li>Desjardins<\/li>\n<li>La Maison Simons<\/li>\n<li>Menuiserie Pouliot<\/li>\n<\/ul>\n<h3 dir=\"ltr\">ImagiNation 2010 &#8211; Sponsors and Partners<\/h3>\n<ul>\n<li>Courtyard Marriott<\/li>\n<li>Maxwell Cummings Foundation<\/li>\n<li>Department of Canadian Heritage<\/li>\n<li>Jeffery Hale Foundation<\/li>\n<li>Canada Council for the Arts<\/li>\n<\/ul>\n<h3 dir=\"ltr\">Multi-Year Pledges<\/h3>\n<ul>\n<li>The Dunn Family<\/li>\n<li>Mr. Andr\u00e9 Couture<\/li>\n<li>The Donovan Family<\/li>\n<li>The Blair Family<\/li>\n<li>RBC Foundation<\/li>\n<li>Jeffery Hale Foundation<\/li>\n<\/ul>\n<h3 dir=\"ltr\">Annual Campaign<\/h3>\n<ul>\n<li>EBQM<\/li>\n<li>Rolland, Aline J.<\/li>\n<li>Gigu\u00e8re, Charlotte<\/li>\n<li>Hanrahan, Louis<\/li>\n<li>Penny, Louise<\/li>\n<li>Nadeau, Charles-Andr\u00e9 and Shirley<\/li>\n<li>Anon.<\/li>\n<li>Kameen, Diane<\/li>\n<li>Ingold, Peter and Kerry<\/li>\n<li>Plumpton, Arthur James<\/li>\n<li>Chesney-Grenier, Matilda C.<\/li>\n<li>Haberlin, Gregory<\/li>\n<li>C\u00f4t\u00e9, Martine<\/li>\n<li>Anon.<\/li>\n<li>Park, William John<\/li>\n<li>Varney, Judith<\/li>\n<\/ul>\n","protected":false},"excerpt":{"rendered":"<p>Literary Feast Sponsors Quebec Chronicle-Telegraph Desjardins La Maison Simons Menuiserie Pouliot ImagiNation 2010 &#8211; Sponsors and Partners Courtyard Marriott Maxwell Cummings Foundation Department of Canadian Heritage Jeffery Hale Foundation Canada Council for the Arts Multi-Year Pledges The Dunn Family Mr. Andr\u00e9 Couture The Donovan Family The Blair Family RBC Foundation Jeffery Hale Foundation Annual Campaign EBQM Rolland, Aline J. Gigu\u00e8re, Charlotte Hanrahan, Louis Penny, Louise Nadeau, Charles-Andr\u00e9 and Shirley Anon. Kameen, Diane Ingold, Peter and Kerry Plumpton, Arthur James Chesney-Grenier, Matilda C. Haberlin, Gregory C\u00f4t\u00e9, Martine Anon. Park, William John Varney, Judith<\/p>\n","protected":false},"author":29,"featured_media":0,"parent":1142,"menu_order":0,"comment_status":"open","ping_status":"closed","template":"","meta":{"_acf_changed":false,"inline_featured_image":false,"_exactmetrics_skip_tracking":false,"_exactmetrics_sitenote_active":false,"_exactmetrics_sitenote_note":"","_exactmetrics_sitenote_category":0,"footnotes":"","_links_to":"","_links_to_target":""},"class_list":["post-12839","page","type-page","status-publish","hentry"],"acf":[],"yoast_head":"<!-- This site is optimized with the Yoast SEO plugin v27.3 - https:\/\/yoast.com\/product\/yoast-seo-wordpress\/ -->\n<title>Donations for 2010 - Morrin Centre<\/title>\n<meta name=\"description\" content=\"Nous remer\u00e7ions nos g\u00e9n\u00e9reux donateurs ayant contribu\u00e9 \u00e0 la Campagne majeure de 2008.\" \/>\n<meta name=\"robots\" content=\"index, follow, max-snippet:-1, max-image-preview:large, max-video-preview:-1\" \/>\n<link rel=\"canonical\" href=\"https:\/\/www.morrin.org\/en\/support-morrin-centre\/donors\/donations-for-2010\/\" \/>\n<meta property=\"og:locale\" content=\"en_US\" \/>\n<meta property=\"og:type\" content=\"article\" \/>\n<meta property=\"og:title\" content=\"Donations for 2010 - Morrin Centre\" \/>\n<meta property=\"og:description\" content=\"Nous remer\u00e7ions nos g\u00e9n\u00e9reux donateurs ayant contribu\u00e9 \u00e0 la Campagne majeure de 2008.\" \/>\n<meta property=\"og:url\" content=\"https:\/\/www.morrin.org\/en\/support-morrin-centre\/donors\/donations-for-2010\/\" \/>\n<meta property=\"og:site_name\" content=\"Morrin Centre\" \/>\n<meta property=\"article:publisher\" content=\"https:\/\/www.facebook.com\/morrin.centre\" \/>\n<meta property=\"article:modified_time\" content=\"2020-08-18T20:23:23+00:00\" \/>\n<meta name=\"twitter:card\" content=\"summary_large_image\" \/>\n<meta name=\"twitter:site\" content=\"@MorrinCentre\" \/>\n<script type=\"application\/ld+json\" class=\"yoast-schema-graph\">{\"@context\":\"https:\\\/\\\/schema.org\",\"@graph\":[{\"@type\":\"WebPage\",\"@id\":\"https:\\\/\\\/www.morrin.org\\\/en\\\/support-morrin-centre\\\/donors\\\/donations-for-2010\\\/\",\"url\":\"https:\\\/\\\/www.morrin.org\\\/en\\\/support-morrin-centre\\\/donors\\\/donations-for-2010\\\/\",\"name\":\"Donations for 2010 - Morrin Centre\",\"isPartOf\":{\"@id\":\"https:\\\/\\\/www.morrin.org\\\/en\\\/#website\"},\"datePublished\":\"2020-08-18T15:16:00+00:00\",\"dateModified\":\"2020-08-18T20:23:23+00:00\",\"description\":\"Nous remer\u00e7ions nos g\u00e9n\u00e9reux donateurs ayant contribu\u00e9 \u00e0 la Campagne majeure de 2008.\",\"breadcrumb\":{\"@id\":\"https:\\\/\\\/www.morrin.org\\\/en\\\/support-morrin-centre\\\/donors\\\/donations-for-2010\\\/#breadcrumb\"},\"inLanguage\":\"en-US\",\"potentialAction\":[{\"@type\":\"ReadAction\",\"target\":[\"https:\\\/\\\/www.morrin.org\\\/en\\\/support-morrin-centre\\\/donors\\\/donations-for-2010\\\/\"]}]},{\"@type\":\"BreadcrumbList\",\"@id\":\"https:\\\/\\\/www.morrin.org\\\/en\\\/support-morrin-centre\\\/donors\\\/donations-for-2010\\\/#breadcrumb\",\"itemListElement\":[{\"@type\":\"ListItem\",\"position\":1,\"name\":\"Home\",\"item\":\"https:\\\/\\\/www.morrin.org\\\/en\\\/\"},{\"@type\":\"ListItem\",\"position\":2,\"name\":\"Members of the Morrin Centre\",\"item\":\"https:\\\/\\\/www.morrin.org\\\/en\\\/support-morrin-centre\\\/\"},{\"@type\":\"ListItem\",\"position\":3,\"name\":\"Our Donors\",\"item\":\"https:\\\/\\\/www.morrin.org\\\/en\\\/support-morrin-centre\\\/donors\\\/\"},{\"@type\":\"ListItem\",\"position\":4,\"name\":\"Donations for 2010\"}]},{\"@type\":\"WebSite\",\"@id\":\"https:\\\/\\\/www.morrin.org\\\/en\\\/#website\",\"url\":\"https:\\\/\\\/www.morrin.org\\\/en\\\/\",\"name\":\"Morrin Centre\",\"description\":\"Cultural centre\",\"publisher\":{\"@id\":\"https:\\\/\\\/www.morrin.org\\\/en\\\/#organization\"},\"potentialAction\":[{\"@type\":\"SearchAction\",\"target\":{\"@type\":\"EntryPoint\",\"urlTemplate\":\"https:\\\/\\\/www.morrin.org\\\/en\\\/?s={search_term_string}\"},\"query-input\":{\"@type\":\"PropertyValueSpecification\",\"valueRequired\":true,\"valueName\":\"search_term_string\"}}],\"inLanguage\":\"en-US\"},{\"@type\":\"Organization\",\"@id\":\"https:\\\/\\\/www.morrin.org\\\/en\\\/#organization\",\"name\":\"Morrin Centre\",\"url\":\"https:\\\/\\\/www.morrin.org\\\/en\\\/\",\"logo\":{\"@type\":\"ImageObject\",\"inLanguage\":\"en-US\",\"@id\":\"https:\\\/\\\/www.morrin.org\\\/en\\\/#\\\/schema\\\/logo\\\/image\\\/\",\"url\":\"https:\\\/\\\/www.morrin.org\\\/wp-content\\\/uploads\\\/2015\\\/07\\\/logo-morrin.png\",\"contentUrl\":\"https:\\\/\\\/www.morrin.org\\\/wp-content\\\/uploads\\\/2015\\\/07\\\/logo-morrin.png\",\"width\":190,\"height\":214,\"caption\":\"Morrin Centre\"},\"image\":{\"@id\":\"https:\\\/\\\/www.morrin.org\\\/en\\\/#\\\/schema\\\/logo\\\/image\\\/\"},\"sameAs\":[\"https:\\\/\\\/www.facebook.com\\\/morrin.centre\",\"https:\\\/\\\/x.com\\\/MorrinCentre\",\"https:\\\/\\\/www.linkedin.com\\\/company\\\/morrin-centre?trk=nav_account_sub_nav_company_admin\",\"https:\\\/\\\/www.youtube.com\\\/user\\\/TheMorrinCentre\",\"https:\\\/\\\/fr.wikipedia.org\\\/wiki\\\/Morrin_Centre\"]}]}<\/script>\n<!-- \/ Yoast SEO plugin. -->","yoast_head_json":{"title":"Donations for 2010 - Morrin Centre","description":"Nous remer\u00e7ions nos g\u00e9n\u00e9reux donateurs ayant contribu\u00e9 \u00e0 la Campagne majeure de 2008.","robots":{"index":"index","follow":"follow","max-snippet":"max-snippet:-1","max-image-preview":"max-image-preview:large","max-video-preview":"max-video-preview:-1"},"canonical":"https:\/\/www.morrin.org\/en\/support-morrin-centre\/donors\/donations-for-2010\/","og_locale":"en_US","og_type":"article","og_title":"Donations for 2010 - Morrin Centre","og_description":"Nous remer\u00e7ions nos g\u00e9n\u00e9reux donateurs ayant contribu\u00e9 \u00e0 la Campagne majeure de 2008.","og_url":"https:\/\/www.morrin.org\/en\/support-morrin-centre\/donors\/donations-for-2010\/","og_site_name":"Morrin Centre","article_publisher":"https:\/\/www.facebook.com\/morrin.centre","article_modified_time":"2020-08-18T20:23:23+00:00","twitter_card":"summary_large_image","twitter_site":"@MorrinCentre","schema":{"@context":"https:\/\/schema.org","@graph":[{"@type":"WebPage","@id":"https:\/\/www.morrin.org\/en\/support-morrin-centre\/donors\/donations-for-2010\/","url":"https:\/\/www.morrin.org\/en\/support-morrin-centre\/donors\/donations-for-2010\/","name":"Donations for 2010 - Morrin Centre","isPartOf":{"@id":"https:\/\/www.morrin.org\/en\/#website"},"datePublished":"2020-08-18T15:16:00+00:00","dateModified":"2020-08-18T20:23:23+00:00","description":"Nous remer\u00e7ions nos g\u00e9n\u00e9reux donateurs ayant contribu\u00e9 \u00e0 la Campagne majeure de 2008.","breadcrumb":{"@id":"https:\/\/www.morrin.org\/en\/support-morrin-centre\/donors\/donations-for-2010\/#breadcrumb"},"inLanguage":"en-US","potentialAction":[{"@type":"ReadAction","target":["https:\/\/www.morrin.org\/en\/support-morrin-centre\/donors\/donations-for-2010\/"]}]},{"@type":"BreadcrumbList","@id":"https:\/\/www.morrin.org\/en\/support-morrin-centre\/donors\/donations-for-2010\/#breadcrumb","itemListElement":[{"@type":"ListItem","position":1,"name":"Home","item":"https:\/\/www.morrin.org\/en\/"},{"@type":"ListItem","position":2,"name":"Members of the Morrin Centre","item":"https:\/\/www.morrin.org\/en\/support-morrin-centre\/"},{"@type":"ListItem","position":3,"name":"Our Donors","item":"https:\/\/www.morrin.org\/en\/support-morrin-centre\/donors\/"},{"@type":"ListItem","position":4,"name":"Donations for 2010"}]},{"@type":"WebSite","@id":"https:\/\/www.morrin.org\/en\/#website","url":"https:\/\/www.morrin.org\/en\/","name":"Morrin Centre","description":"Cultural centre","publisher":{"@id":"https:\/\/www.morrin.org\/en\/#organization"},"potentialAction":[{"@type":"SearchAction","target":{"@type":"EntryPoint","urlTemplate":"https:\/\/www.morrin.org\/en\/?s={search_term_string}"},"query-input":{"@type":"PropertyValueSpecification","valueRequired":true,"valueName":"search_term_string"}}],"inLanguage":"en-US"},{"@type":"Organization","@id":"https:\/\/www.morrin.org\/en\/#organization","name":"Morrin Centre","url":"https:\/\/www.morrin.org\/en\/","logo":{"@type":"ImageObject","inLanguage":"en-US","@id":"https:\/\/www.morrin.org\/en\/#\/schema\/logo\/image\/","url":"https:\/\/www.morrin.org\/wp-content\/uploads\/2015\/07\/logo-morrin.png","contentUrl":"https:\/\/www.morrin.org\/wp-content\/uploads\/2015\/07\/logo-morrin.png","width":190,"height":214,"caption":"Morrin Centre"},"image":{"@id":"https:\/\/www.morrin.org\/en\/#\/schema\/logo\/image\/"},"sameAs":["https:\/\/www.facebook.com\/morrin.centre","https:\/\/x.com\/MorrinCentre","https:\/\/www.linkedin.com\/company\/morrin-centre?trk=nav_account_sub_nav_company_admin","https:\/\/www.youtube.com\/user\/TheMorrinCentre","https:\/\/fr.wikipedia.org\/wiki\/Morrin_Centre"]}]}},"_links":{"self":[{"href":"https:\/\/www.morrin.org\/en\/wp-json\/wp\/v2\/pages\/12839","targetHints":{"allow":["GET"]}}],"collection":[{"href":"https:\/\/www.morrin.org\/en\/wp-json\/wp\/v2\/pages"}],"about":[{"href":"https:\/\/www.morrin.org\/en\/wp-json\/wp\/v2\/types\/page"}],"author":[{"embeddable":true,"href":"https:\/\/www.morrin.org\/en\/wp-json\/wp\/v2\/users\/29"}],"replies":[{"embeddable":true,"href":"https:\/\/www.morrin.org\/en\/wp-json\/wp\/v2\/comments?post=12839"}],"version-history":[{"count":0,"href":"https:\/\/www.morrin.org\/en\/wp-json\/wp\/v2\/pages\/12839\/revisions"}],"up":[{"embeddable":true,"href":"https:\/\/www.morrin.org\/en\/wp-json\/wp\/v2\/pages\/1142"}],"wp:attachment":[{"href":"https:\/\/www.morrin.org\/en\/wp-json\/wp\/v2\/media?parent=12839"}],"curies":[{"name":"wp","href":"https:\/\/api.w.org\/{rel}","templated":true}]}}